{"id":73,"date":"2018-06-08T20:27:49","date_gmt":"2018-06-08T20:27:49","guid":{"rendered":"http:\/\/channelassociados.com.br\/?page_id=73"},"modified":"2018-06-18T23:04:08","modified_gmt":"2018-06-18T23:04:08","slug":"casos","status":"publish","type":"page","link":"https:\/\/channelassociados.com.br\/pt_br\/casos\/","title":{"rendered":"Casos"},"content":{"rendered":"<h3><span style=\"color: #808080;\">Implanta\u00e7\u00e3o no Brasil de Empresa Internacional com Desenho e Implementa\u00e7\u00e3o de sua Estrat\u00e9gia de Crescimento Bem-Sucedida<\/span><\/h3>\n<h5><span style=\"color: #808080;\"><b>Situa\u00e7\u00e3o<\/b><\/span><\/h5>\n<p><span style=\"font-weight: 400; color: #808080;\">Empresa europeia no setor de entretenimento desejando se implantar no Brasil. Necessidade de fechar o acordo da JV com o Parceiro, adquirir um fornecedor- chave para as opera\u00e7\u00f5es, formar o time, recrutar as pessoas, selecionar os provedores de servi\u00e7o, em tempo ex\u00edguo de 60 dias.<\/span><\/p>\n<p>&nbsp;<\/p>\n<h5><span style=\"color: #808080;\"><b>Miss\u00e3o<\/b><\/span><\/h5>\n<p><span style=\"font-weight: 400; color: #808080;\">A nova companhia precisaria ser erguida em bases totalmente diferentes da unidade sub-performante existente, de modo a interromper o fluxo aceleradamente declinante de receitas dela e do mercado em geral, no Brasil.<\/span><\/p>\n<p><span style=\"color: #808080;\"><span style=\"font-weight: 400;\">Prazo de implanta\u00e7\u00e3o da empresa: 42 dias. Desenhamos e propusemos um plano com 3 fases: Implanta\u00e7\u00e3o, Consolida\u00e7\u00e3o e <\/span><i><span style=\"font-weight: 400;\">Handover<\/span><\/i><span style=\"font-weight: 400;\">.<\/span><\/span><\/p>\n<p>&nbsp;<\/p>\n<h5><span style=\"color: #808080;\"><b>Resultados<\/b><\/span><\/h5>\n<p><span style=\"font-weight: 400; color: #808080;\">Equipe de projeto formada, a partir do entendimento da estrat\u00e9gia do Cliente para o mercado local, com um especialista em start-ups de neg\u00f3cios e empresa, um CEO profissional vindo de ind\u00fastria de bens de consumo, experiente em lan\u00e7ar produtos e desenvolver canais de distribui\u00e7\u00e3o, junto com uma Controller, posi\u00e7\u00e3o de controles e gest\u00e3o administrativa, fundamental para aquele est\u00e1gio da companhia. <\/span><\/p>\n<p><span style=\"font-weight: 400; color: #808080;\">Proposta de estrat\u00e9gia e novo plano comerciais. Proposta de estrutura organizacional e contrata\u00e7\u00e3o de todo o primeiro e segundo times.<\/span><\/p>\n<p><span style=\"font-weight: 400; color: #808080;\">Resultado da companhia acima do or\u00e7amento, com primeiro faturamento da empresa antes do previsto, a revers\u00e3o da hist\u00f3rica queda no volume de neg\u00f3cios do seu mercado, a abertura de pontos-de-venda em quantidade acima do previsto e a consolida\u00e7\u00e3o de rela\u00e7\u00f5es que ir\u00e3o garantir o crescimento inorg\u00e2nico em 2017.<\/span><\/p>\n","protected":false},"excerpt":{"rendered":"<p>Implanta\u00e7\u00e3o no Brasil de Empresa Internacional com Desenho e Implementa\u00e7\u00e3o de sua Estrat\u00e9gia de Crescimento Bem-Sucedida Situa\u00e7\u00e3o Empresa europeia no setor de entretenimento desejando se implantar no Brasil. Necessidade de fechar o acordo da JV com o Parceiro, adquirir um fornecedor- chave para as opera\u00e7\u00f5es, formar o time, recrutar as pessoas, selecionar os provedores de [&hellip;]<\/p>\n","protected":false},"author":1,"featured_media":0,"parent":0,"menu_order":0,"comment_status":"closed","ping_status":"closed","template":"","meta":{"footnotes":""},"class_list":["post-73","page","type-page","status-publish","hentry"],"_links":{"self":[{"href":"https:\/\/channelassociados.com.br\/pt_br\/wp-json\/wp\/v2\/pages\/73","targetHints":{"allow":["GET"]}}],"collection":[{"href":"https:\/\/channelassociados.com.br\/pt_br\/wp-json\/wp\/v2\/pages"}],"about":[{"href":"https:\/\/channelassociados.com.br\/pt_br\/wp-json\/wp\/v2\/types\/page"}],"author":[{"embeddable":true,"href":"https:\/\/channelassociados.com.br\/pt_br\/wp-json\/wp\/v2\/users\/1"}],"replies":[{"embeddable":true,"href":"https:\/\/channelassociados.com.br\/pt_br\/wp-json\/wp\/v2\/comments?post=73"}],"version-history":[{"count":7,"href":"https:\/\/channelassociados.com.br\/pt_br\/wp-json\/wp\/v2\/pages\/73\/revisions"}],"predecessor-version":[{"id":217,"href":"https:\/\/channelassociados.com.br\/pt_br\/wp-json\/wp\/v2\/pages\/73\/revisions\/217"}],"wp:attachment":[{"href":"https:\/\/channelassociados.com.br\/pt_br\/wp-json\/wp\/v2\/media?parent=73"}],"curies":[{"name":"wp","href":"https:\/\/api.w.org\/{rel}","templated":true}]}}