{"id":70,"date":"2018-06-08T20:27:49","date_gmt":"2018-06-08T20:27:49","guid":{"rendered":"http:\/\/channelassociados.com.br\/?page_id=70"},"modified":"2024-10-09T16:15:21","modified_gmt":"2024-10-09T19:15:21","slug":"time-principal","status":"publish","type":"page","link":"https:\/\/channelassociados.com.br\/pt_br\/time-principal\/","title":{"rendered":"Time Principal"},"content":{"rendered":"\t\t<div data-elementor-type=\"wp-page\" data-elementor-id=\"70\" class=\"elementor elementor-70\">\n\t\t\t\t<div class=\"elementor-element elementor-element-4c922645 e-flex e-con-boxed e-con e-parent\" data-id=\"4c922645\" data-element_type=\"container\" data-e-type=\"container\">\n\t\t\t\t\t<div class=\"e-con-inner\">\n\t\t\t\t<div class=\"elementor-element elementor-element-15d67791 elementor-widget elementor-widget-text-editor\" data-id=\"15d67791\" data-element_type=\"widget\" data-e-type=\"widget\" data-widget_type=\"text-editor.default\">\n\t\t\t\t<div class=\"elementor-widget-container\">\n\t\t\t\t\t\t\t\t\t<p><span style=\"color: #808080;\"><span style=\"font-weight: 400;\">A <\/span><b>CHANNEL ASSOCIADOS <\/b><span style=\"font-weight: 400;\">tem 10 anos de experi\u00eancia em projetos e miss\u00f5es especiais de\u00a0<\/span><b>TRANSFORMA\u00c7\u00c3O<\/b><span style=\"font-weight: 400;\">. Neste per\u00edodo, contou com diversos parceiros e times de sua confian\u00e7a na condu\u00e7\u00e3o e gest\u00e3o daqueles projetos. <\/span><\/span><\/p>\n<p><span style=\"font-weight: 400; color: #808080;\">A estrutura central \u00e9 liderada por <strong>MOISES ASSAYAG<\/strong>, experiente gestor de empresas e estruturador de neg\u00f3cios, tendo acumulado diversas experi\u00eancias naqueles contextos. <\/span><\/p>\n<p><span style=\"font-weight: 400; color: #808080;\">Abaixo, um pequeno resumo do seu background:<\/span><\/p>\n<p><span style=\"color: #808080;\"><span style=\"font-weight: 400;\">Desde 2007, liderando projetos de profunda transforma\u00e7\u00e3o em empresas\u00a0<\/span><span style=\"font-weight: 400;\">e neg\u00f3cios, j\u00e1 foi CEO\/Diretor-Executivo e Membro de Conselho em\u00a0<\/span><span style=\"font-weight: 400;\">diversas companhias no Brasil e na Am\u00e9rica do Sul, em mercados de Facilities Management, BPO, TI, Contact Center, Staffing, RH, Efici\u00eancia Energ\u00e9tica, Constru\u00e7\u00e3o e Distribui\u00e7\u00e3o. Membro de Comit\u00eas Estrat\u00e9gicos de Neg\u00f3cios no Brasil e no Exterior.<\/span><\/span><\/p>\n<p><span style=\"font-weight: 400; color: #808080;\">Extensa experi\u00eancia obtida inicialmente em todas as \u00e1reas de Corporate Finance (Tesouraria, Planejamento, Controles, Rela\u00e7\u00f5es com Investidores), passando por Estrat\u00e9gia (desenho e implementa\u00e7\u00e3o), Desenvolvimento de Novos Neg\u00f3cios, Acordos e Alian\u00e7as (JV\u2019s, Alian\u00e7as Estrat\u00e9gicas, M&amp;A) e em negocia\u00e7\u00f5es, em ambientes multi-culturais diversos, no Brasil, Europa, EUA e Am\u00e9rica Latina.<\/span><\/p>\n<p><span style=\"font-weight: 400; color: #808080;\">Palestrante em diversos eventos setoriais e corporativos de projetos de transforma\u00e7\u00e3o, ao longo dos anos, em pa\u00edses como EUA, Reino Unido, Chile, Argentina, M\u00e9xico, Col\u00f4mbia, Espanha, Fran\u00e7a e Dubai.<\/span><\/p>\n<p><span style=\"font-weight: 400; color: #808080;\">Respons\u00e1vel pela estrutura\u00e7\u00e3o e condu\u00e7\u00e3o de empresas de mercados variados, em fases de acelerado crescimento por anos consecutivos. Realizou start-ups e restrutura\u00e7\u00f5es em diversas companhias ou unidades de neg\u00f3cios.<\/span><\/p>\n<p><span style=\"color: #808080;\"><span style=\"font-weight: 400;\">Gradua\u00e7\u00e3o em Economia (UFBa), P\u00f3s-Gradua\u00e7\u00e3o em Corporate Finance (PUC-RJ)\u00a0<\/span><span style=\"font-weight: 400;\">e MSc em International Accounting and Finance, pela LSE \u2013 The London School of Economics and Political Science.<\/span><\/span><\/p>\n<p><span style=\"font-weight: 400; color: #808080;\">Fala fluentemente ingl\u00eas, espanhol e franc\u00eas, al\u00e9m do portugu\u00eas nativo.<\/span><\/p>\n<p><span style=\"font-weight: 400; color: #808080;\">Membro-fundador de Associa\u00e7\u00f5es como a ABRAFAC e o IBRI.<br \/><br \/>IBRI &#8211; Instituto Brasileiro de Rela\u00e7\u00f5es com Investidores (IBRI) \u00e9 uma entidade sem fins lucrativos, criada em junho de 1997<br \/><br \/>ABRAFAC Associa\u00e7\u00e3o Brasileira de Property, Workplace e Facility Management \u00e9 uma entidade sem fins lucrativos, fundada em 2004, que tem por objetivo desenvolver o mercado, as organiza\u00e7\u00f5es e os profissionais de Facility Management.<br \/><\/span><\/p>\n<!-- \/wp:paragraph -->\t\t\t\t\t\t\t\t<\/div>\n\t\t\t\t<\/div>\n\t\t\t\t\t<\/div>\n\t\t\t\t<\/div>\n\t\t\t\t<\/div>\n\t\t","protected":false},"excerpt":{"rendered":"<p>A CHANNEL ASSOCIADOS tem 10 anos de experi\u00eancia em projetos e miss\u00f5es especiais de\u00a0TRANSFORMA\u00c7\u00c3O. Neste per\u00edodo, contou com diversos parceiros e times de sua confian\u00e7a na condu\u00e7\u00e3o e gest\u00e3o daqueles projetos. A estrutura central \u00e9 liderada por MOISES ASSAYAG, experiente gestor de empresas e estruturador de neg\u00f3cios, tendo acumulado diversas experi\u00eancias naqueles contextos. Abaixo, um [&hellip;]<\/p>\n","protected":false},"author":1,"featured_media":0,"parent":0,"menu_order":0,"comment_status":"closed","ping_status":"closed","template":"","meta":{"footnotes":""},"class_list":["post-70","page","type-page","status-publish","hentry"],"_links":{"self":[{"href":"https:\/\/channelassociados.com.br\/pt_br\/wp-json\/wp\/v2\/pages\/70","targetHints":{"allow":["GET"]}}],"collection":[{"href":"https:\/\/channelassociados.com.br\/pt_br\/wp-json\/wp\/v2\/pages"}],"about":[{"href":"https:\/\/channelassociados.com.br\/pt_br\/wp-json\/wp\/v2\/types\/page"}],"author":[{"embeddable":true,"href":"https:\/\/channelassociados.com.br\/pt_br\/wp-json\/wp\/v2\/users\/1"}],"replies":[{"embeddable":true,"href":"https:\/\/channelassociados.com.br\/pt_br\/wp-json\/wp\/v2\/comments?post=70"}],"version-history":[{"count":9,"href":"https:\/\/channelassociados.com.br\/pt_br\/wp-json\/wp\/v2\/pages\/70\/revisions"}],"predecessor-version":[{"id":344,"href":"https:\/\/channelassociados.com.br\/pt_br\/wp-json\/wp\/v2\/pages\/70\/revisions\/344"}],"wp:attachment":[{"href":"https:\/\/channelassociados.com.br\/pt_br\/wp-json\/wp\/v2\/media?parent=70"}],"curies":[{"name":"wp","href":"https:\/\/api.w.org\/{rel}","templated":true}]}}