{"id":69,"date":"2018-06-08T20:27:49","date_gmt":"2018-06-08T20:27:49","guid":{"rendered":"http:\/\/channelassociados.com.br\/?page_id=69"},"modified":"2018-06-13T03:00:58","modified_gmt":"2018-06-13T03:00:58","slug":"outras-areas-de-atuacao","status":"publish","type":"page","link":"https:\/\/channelassociados.com.br\/pt_br\/outras-areas-de-atuacao\/","title":{"rendered":"Outras \u00c1reas de Atua\u00e7\u00e3o"},"content":{"rendered":"<h3><span style=\"font-weight: 400; color: #808080;\">FINANCIAL ADVISORY<\/span><\/h3>\n<p><span style=\"font-weight: 400; color: #808080;\">Apoio no desenho de estruturas e opera\u00e7\u00f5es financeiras com vistas a adequar as ambi\u00e7\u00f5es e planos da companhia \u00e0s melhores op\u00e7\u00f5es dispon\u00edveis em mercado.<\/span><\/p>\n<p>&nbsp;<\/p>\n<h3><span style=\"font-weight: 400; color: #808080;\">M&amp;A<\/span><\/h3>\n<p><span style=\"font-weight: 400; color: #808080;\">Apoio na prepara\u00e7\u00e3o da companhia para o encontro com Investidores, cuidando tanto do aumento do seu valor intr\u00ednseco como da mitiga\u00e7\u00e3o\/ elimina\u00e7\u00e3o dos fatores de risco que contribuem para diminuir o valor na percep\u00e7\u00e3o dos investidores.<\/span><\/p>\n","protected":false},"excerpt":{"rendered":"<p>FINANCIAL ADVISORY Apoio no desenho de estruturas e opera\u00e7\u00f5es financeiras com vistas a adequar as ambi\u00e7\u00f5es e planos da companhia \u00e0s melhores op\u00e7\u00f5es dispon\u00edveis em mercado. &nbsp; M&amp;A Apoio na prepara\u00e7\u00e3o da companhia para o encontro com Investidores, cuidando tanto do aumento do seu valor intr\u00ednseco como da mitiga\u00e7\u00e3o\/ elimina\u00e7\u00e3o dos fatores de risco que [&hellip;]<\/p>\n","protected":false},"author":1,"featured_media":0,"parent":0,"menu_order":0,"comment_status":"closed","ping_status":"closed","template":"","meta":{"footnotes":""},"class_list":["post-69","page","type-page","status-publish","hentry"],"_links":{"self":[{"href":"https:\/\/channelassociados.com.br\/pt_br\/wp-json\/wp\/v2\/pages\/69","targetHints":{"allow":["GET"]}}],"collection":[{"href":"https:\/\/channelassociados.com.br\/pt_br\/wp-json\/wp\/v2\/pages"}],"about":[{"href":"https:\/\/channelassociados.com.br\/pt_br\/wp-json\/wp\/v2\/types\/page"}],"author":[{"embeddable":true,"href":"https:\/\/channelassociados.com.br\/pt_br\/wp-json\/wp\/v2\/users\/1"}],"replies":[{"embeddable":true,"href":"https:\/\/channelassociados.com.br\/pt_br\/wp-json\/wp\/v2\/comments?post=69"}],"version-history":[{"count":5,"href":"https:\/\/channelassociados.com.br\/pt_br\/wp-json\/wp\/v2\/pages\/69\/revisions"}],"predecessor-version":[{"id":165,"href":"https:\/\/channelassociados.com.br\/pt_br\/wp-json\/wp\/v2\/pages\/69\/revisions\/165"}],"wp:attachment":[{"href":"https:\/\/channelassociados.com.br\/pt_br\/wp-json\/wp\/v2\/media?parent=69"}],"curies":[{"name":"wp","href":"https:\/\/api.w.org\/{rel}","templated":true}]}}