{"id":189,"date":"2018-06-18T14:16:57","date_gmt":"2018-06-18T14:16:57","guid":{"rendered":"http:\/\/channelassociados.com.br\/?page_id=189"},"modified":"2018-06-18T14:16:57","modified_gmt":"2018-06-18T14:16:57","slug":"vantagens","status":"publish","type":"page","link":"https:\/\/channelassociados.com.br\/pt_br\/vantagens\/","title":{"rendered":"Vantagens"},"content":{"rendered":"<h3><span style=\"font-weight: 400; color: #808080;\">VANTAGENS<\/span><\/h3>\n<p><span style=\"color: #808080;\"><strong>Credenciais Espec\u00edficas<\/strong><\/span><\/p>\n<p><span style=\"font-weight: 400; color: #808080;\">O Gestor de Transi\u00e7\u00e3o alocado ao Projeto \u00a0tem um perfil sobre-qualificado, bastante s\u00eanior e espec\u00edfico para a Miss\u00e3o, tendo encarado a situa\u00e7\u00e3o pendente de resolu\u00e7\u00e3o muitas vezes anteriormente, o que aumenta as chances de suas a\u00e7\u00f5es serem precisas e seu desempenho satisfat\u00f3rio no cumprimento da Miss\u00e3o e alcance das metas do Projeto.<\/span><\/p>\n<p>&nbsp;<\/p>\n<p><span style=\"color: #808080;\"><strong>Neutralidade<\/strong><\/span><\/p>\n<p><span style=\"font-weight: 400; color: #808080;\">Vis-\u00e0-vis a situa\u00e7\u00e3o da Miss\u00e3o e as decis\u00f5es a serem tomadas versus o poss\u00edvel resultado delas. Gestor sem passado ou futuro na empresa, sem la\u00e7os emocionais com a decis\u00e3o a ser tomada ou pessoas envolvidas.<\/span><\/p>\n<p>&nbsp;<\/p>\n<p><span style=\"color: #808080;\"><strong>Temporariedade<\/strong><\/span><\/p>\n<p><span style=\"font-weight: 400; color: #808080;\">O custo desaparece junto com o Projeto no momento que a solu\u00e7\u00e3o \u00e9 implementada.<\/span><\/p>\n<p><span style=\"font-weight: 400; color: #808080;\">Novo conjunto de desafios ir\u00e1 emergir posteriormente e que pode demandar outras capacidades, que, novamente, ser\u00e3o chamadas a entrar em a\u00e7\u00e3o, sem pesar permanentemente nos custos fixos da cia.<\/span><\/p>\n<p>&nbsp;<\/p>\n<p><span style=\"color: #808080;\"><strong>Suporte<\/strong><\/span><\/p>\n<p><span style=\"font-weight: 400; color: #808080;\">O Gestor de Transi\u00e7\u00e3o ser\u00e1 permanentemente apoiado, suportado por um S\u00f3cio S\u00eanior da Channel, refor\u00e7ando o projeto e tamb\u00e9m liberando tempo da equipe do Cliente.<\/span><\/p>\n","protected":false},"excerpt":{"rendered":"<p>VANTAGENS Credenciais Espec\u00edficas O Gestor de Transi\u00e7\u00e3o alocado ao Projeto \u00a0tem um perfil sobre-qualificado, bastante s\u00eanior e espec\u00edfico para a Miss\u00e3o, tendo encarado a situa\u00e7\u00e3o pendente de resolu\u00e7\u00e3o muitas vezes anteriormente, o que aumenta as chances de suas a\u00e7\u00f5es serem precisas e seu desempenho satisfat\u00f3rio no cumprimento da Miss\u00e3o e alcance das metas do Projeto. [&hellip;]<\/p>\n","protected":false},"author":1,"featured_media":0,"parent":0,"menu_order":0,"comment_status":"closed","ping_status":"closed","template":"","meta":{"footnotes":""},"class_list":["post-189","page","type-page","status-publish","hentry"],"_links":{"self":[{"href":"https:\/\/channelassociados.com.br\/pt_br\/wp-json\/wp\/v2\/pages\/189","targetHints":{"allow":["GET"]}}],"collection":[{"href":"https:\/\/channelassociados.com.br\/pt_br\/wp-json\/wp\/v2\/pages"}],"about":[{"href":"https:\/\/channelassociados.com.br\/pt_br\/wp-json\/wp\/v2\/types\/page"}],"author":[{"embeddable":true,"href":"https:\/\/channelassociados.com.br\/pt_br\/wp-json\/wp\/v2\/users\/1"}],"replies":[{"embeddable":true,"href":"https:\/\/channelassociados.com.br\/pt_br\/wp-json\/wp\/v2\/comments?post=189"}],"version-history":[{"count":1,"href":"https:\/\/channelassociados.com.br\/pt_br\/wp-json\/wp\/v2\/pages\/189\/revisions"}],"predecessor-version":[{"id":191,"href":"https:\/\/channelassociados.com.br\/pt_br\/wp-json\/wp\/v2\/pages\/189\/revisions\/191"}],"wp:attachment":[{"href":"https:\/\/channelassociados.com.br\/pt_br\/wp-json\/wp\/v2\/media?parent=189"}],"curies":[{"name":"wp","href":"https:\/\/api.w.org\/{rel}","templated":true}]}}