{"id":15,"date":"2018-05-24T15:17:02","date_gmt":"2018-05-24T15:17:02","guid":{"rendered":"http:\/\/channelassociados.com.br\/?page_id=15"},"modified":"2024-10-09T14:28:27","modified_gmt":"2024-10-09T17:28:27","slug":"por-que-somos-distintos","status":"publish","type":"page","link":"https:\/\/channelassociados.com.br\/pt_br\/por-que-somos-distintos\/","title":{"rendered":"Por que Somos Distintos"},"content":{"rendered":"\t\t<div data-elementor-type=\"wp-page\" data-elementor-id=\"15\" class=\"elementor elementor-15\">\n\t\t\t\t<div class=\"elementor-element elementor-element-3a5d245d e-flex e-con-boxed e-con e-parent\" data-id=\"3a5d245d\" data-element_type=\"container\" data-e-type=\"container\">\n\t\t\t\t\t<div class=\"e-con-inner\">\n\t\t\t\t<div class=\"elementor-element elementor-element-2c43a068 elementor-widget elementor-widget-text-editor\" data-id=\"2c43a068\" data-element_type=\"widget\" data-e-type=\"widget\" data-widget_type=\"text-editor.default\">\n\t\t\t\t<div class=\"elementor-widget-container\">\n\t\t\t\t\t\t\t\t\t<h3><span style=\"font-weight: 400; color: #808080;\">DIFERENCIAIS DA CHANNEL<\/span><\/h3><h5><span style=\"color: #808080;\"><b>Miss\u00e3o que leva em conta as vari\u00e1veis mais relevantes do neg\u00f3cio e sua perenidade<\/b><\/span><\/h5>\t\t\t\t\t\t\t\t<\/div>\n\t\t\t\t<\/div>\n\t\t\t\t\t<\/div>\n\t\t\t\t<\/div>\n\t\t<div class=\"elementor-element elementor-element-dacd955 e-grid e-con-boxed e-con e-parent\" data-id=\"dacd955\" data-element_type=\"container\" data-e-type=\"container\" data-settings=\"{&quot;background_background&quot;:&quot;classic&quot;}\">\n\t\t\t\t\t<div class=\"e-con-inner\">\n\t\t\t\t<div class=\"elementor-element elementor-element-d64e940 elementor-widget__width-inherit elementor-widget elementor-widget-text-editor\" data-id=\"d64e940\" data-element_type=\"widget\" data-e-type=\"widget\" data-widget_type=\"text-editor.default\">\n\t\t\t\t<div class=\"elementor-widget-container\">\n\t\t\t\t\t\t\t\t\t<p><strong>Caixa<\/strong><\/p>\t\t\t\t\t\t\t\t<\/div>\n\t\t\t\t<\/div>\n\t\t\t\t<div class=\"elementor-element elementor-element-3c6d145 elementor-widget__width-inherit elementor-widget elementor-widget-text-editor\" data-id=\"3c6d145\" data-element_type=\"widget\" data-e-type=\"widget\" data-widget_type=\"text-editor.default\">\n\t\t\t\t<div class=\"elementor-widget-container\">\n\t\t\t\t\t\t\t\t\t<p><strong>Estrat\u00e9gia<\/strong><\/p>\t\t\t\t\t\t\t\t<\/div>\n\t\t\t\t<\/div>\n\t\t\t\t<div class=\"elementor-element elementor-element-6c015a9 elementor-widget__width-inherit elementor-widget elementor-widget-text-editor\" data-id=\"6c015a9\" data-element_type=\"widget\" data-e-type=\"widget\" data-widget_type=\"text-editor.default\">\n\t\t\t\t<div class=\"elementor-widget-container\">\n\t\t\t\t\t\t\t\t\t<p><strong>Execu\u00e7\u00e3o<\/strong><\/p>\t\t\t\t\t\t\t\t<\/div>\n\t\t\t\t<\/div>\n\t\t\t\t<div class=\"elementor-element elementor-element-9aa9cc0 elementor-widget__width-inherit elementor-widget elementor-widget-text-editor\" data-id=\"9aa9cc0\" data-element_type=\"widget\" data-e-type=\"widget\" data-widget_type=\"text-editor.default\">\n\t\t\t\t<div class=\"elementor-widget-container\">\n\t\t\t\t\t\t\t\t\t<p><strong>Pessoas<\/strong><\/p>\t\t\t\t\t\t\t\t<\/div>\n\t\t\t\t<\/div>\n\t\t\t\t\t<\/div>\n\t\t\t\t<\/div>\n\t\t<div class=\"elementor-element elementor-element-a0b6119 e-flex e-con-boxed e-con e-parent\" data-id=\"a0b6119\" data-element_type=\"container\" data-e-type=\"container\">\n\t\t\t\t\t<div class=\"e-con-inner\">\n\t\t\t\t<div class=\"elementor-element elementor-element-95334a4 elementor-widget elementor-widget-text-editor\" data-id=\"95334a4\" data-element_type=\"widget\" data-e-type=\"widget\" data-widget_type=\"text-editor.default\">\n\t\t\t\t<div class=\"elementor-widget-container\">\n\t\t\t\t\t\t\t\t\t<h5><span style=\"color: #808080;\"><b>Miss\u00e3o negociada e com Metas Objetivas e Claras pr\u00e9-negociadas e acompanhadas periodicamente<\/b><\/span><\/h5><p><span style=\"color: #808080;\"><span style=\"font-weight: 400;\">Atrav\u00e9s de um pr\u00e9-Acordo com os Acionistas ou seus representantes (Conselhos de Adm e\/ou CEO\/C-Level com mandato), partimos de um diagn\u00f3stico r\u00e1pido, desenhamos e discutimos um Plano de A\u00e7\u00e3o que, uma vez aprovado, abrir\u00e1 o caminho para executarmos ou acompanharmos a sua implementa\u00e7\u00e3o.<\/span><span style=\"font-weight: 400;\"><br \/><\/span><span style=\"font-weight: 400;\"><br \/><\/span><span style=\"font-weight: 400;\">Periodicamente, realizaremos uma an\u00e1lise conjunta de Previsto x Realizado dos indicadores pr\u00e9-pactuados no Plano, como garantia do seu melhor.<\/span><\/span><\/p>\t\t\t\t\t\t\t\t<\/div>\n\t\t\t\t<\/div>\n\t\t\t\t\t<\/div>\n\t\t\t\t<\/div>\n\t\t\t\t<\/div>\n\t\t","protected":false},"excerpt":{"rendered":"<p>DIFERENCIAIS DA CHANNEL Miss\u00e3o que leva em conta as vari\u00e1veis mais relevantes do neg\u00f3cio e sua perenidade Caixa Estrat\u00e9gia Execu\u00e7\u00e3o Pessoas Miss\u00e3o negociada e com Metas Objetivas e Claras pr\u00e9-negociadas e acompanhadas periodicamente Atrav\u00e9s de um pr\u00e9-Acordo com os Acionistas ou seus representantes (Conselhos de Adm e\/ou CEO\/C-Level com mandato), partimos de um diagn\u00f3stico r\u00e1pido, [&hellip;]<\/p>\n","protected":false},"author":1,"featured_media":0,"parent":0,"menu_order":0,"comment_status":"closed","ping_status":"closed","template":"","meta":{"footnotes":""},"class_list":["post-15","page","type-page","status-publish","hentry"],"_links":{"self":[{"href":"https:\/\/channelassociados.com.br\/pt_br\/wp-json\/wp\/v2\/pages\/15","targetHints":{"allow":["GET"]}}],"collection":[{"href":"https:\/\/channelassociados.com.br\/pt_br\/wp-json\/wp\/v2\/pages"}],"about":[{"href":"https:\/\/channelassociados.com.br\/pt_br\/wp-json\/wp\/v2\/types\/page"}],"author":[{"embeddable":true,"href":"https:\/\/channelassociados.com.br\/pt_br\/wp-json\/wp\/v2\/users\/1"}],"replies":[{"embeddable":true,"href":"https:\/\/channelassociados.com.br\/pt_br\/wp-json\/wp\/v2\/comments?post=15"}],"version-history":[{"count":23,"href":"https:\/\/channelassociados.com.br\/pt_br\/wp-json\/wp\/v2\/pages\/15\/revisions"}],"predecessor-version":[{"id":337,"href":"https:\/\/channelassociados.com.br\/pt_br\/wp-json\/wp\/v2\/pages\/15\/revisions\/337"}],"wp:attachment":[{"href":"https:\/\/channelassociados.com.br\/pt_br\/wp-json\/wp\/v2\/media?parent=15"}],"curies":[{"name":"wp","href":"https:\/\/api.w.org\/{rel}","templated":true}]}}