{"id":14,"date":"2018-05-24T15:17:02","date_gmt":"2018-05-24T15:17:02","guid":{"rendered":"http:\/\/channelassociados.com.br\/?page_id=14"},"modified":"2025-12-18T10:58:46","modified_gmt":"2025-12-18T13:58:46","slug":"quem-somos","status":"publish","type":"page","link":"https:\/\/channelassociados.com.br\/pt_br\/quem-somos\/","title":{"rendered":"Channel Associados"},"content":{"rendered":"<h3><span style=\"color: #808080;\">Quem somos<\/span><\/h3>\n<p><span style=\"color: #808080;\">Especialistas que fazem acontecer a <strong>TRANSFORMA\u00c7\u00c3O<\/strong> de companhias, fun\u00e7\u00f5es e unidades de neg\u00f3cio atrav\u00e9s da <strong>GEST\u00c3O<\/strong>.<\/span><\/p>\n<p><span style=\"color: #808080;\">Executamos <strong>TRANSFORMA\u00c7\u00d5ES<\/strong> de Neg\u00f3cios, com qualidade, precis\u00e3o e maior gera\u00e7\u00e3o de resultado poss\u00edvel.<\/span><\/p>\n<h5><strong><span style=\"color: #808080;\">Nosso foco \u00e9 a reestrutura\u00e7\u00e3o de Neg\u00f3cios e Empresas, com solu\u00e7\u00f5es de impacto de curto e m\u00e9dio prazos, com resultados perenes e legados permanentes.<\/span><\/strong><\/h5>\n<p><span style=\"color: #808080;\">Somos crentes absolutos no poder transformador da \u200b<strong>GEST\u00c3O<\/strong>.<\/span><\/p>\n<p>&nbsp;<\/p>\n<ul>\n<li><strong><span style=\"color: #808080;\">Palavras-Chave:<\/span><\/strong>\n<ul>\n<li><span style=\"color: #808080;\">Change Management<\/span><\/li>\n<li><span style=\"color: #808080;\">Reorganiza\u00e7\u00e3o Operacional<\/span><\/li>\n<li><span style=\"color: #808080;\">Reestrutura\u00e7\u00e3o\/ Turnaround<\/span><\/li>\n<li><span style=\"color: #808080;\">Alinhamento Cultural, Cultura de Resultados e Alto Desempenho<\/span><\/li>\n<li><span style=\"color: #808080;\">Resultados R\u00e1pidos mas Perenes, Legados Permanentes<\/span><\/li>\n<li><span style=\"color: #808080;\">Transforma\u00e7\u00e3o Digital<\/span><\/li>\n<li><span style=\"color: #808080;\">Gest\u00e3o de crise<\/span><\/li>\n<li><span style=\"color: #808080;\">Estrutura de Capital e Renegocia\u00e7\u00e3o de Endividamento<\/span><\/li>\n<li><span style=\"color: #808080;\">Negocia\u00e7\u00e3o em conflitos empresariais e societ\u00e1rios<\/span><\/li>\n<li><span style=\"color: #808080;\">Planos de Neg\u00f3cios<\/span><\/li>\n<\/ul>\n<\/li>\n<\/ul>\n","protected":false},"excerpt":{"rendered":"<p>Quem somos Especialistas que fazem acontecer a TRANSFORMA\u00c7\u00c3O de companhias, fun\u00e7\u00f5es e unidades de neg\u00f3cio atrav\u00e9s da GEST\u00c3O. Executamos TRANSFORMA\u00c7\u00d5ES de Neg\u00f3cios, com qualidade, precis\u00e3o e maior gera\u00e7\u00e3o de resultado poss\u00edvel. Nosso foco \u00e9 a reestrutura\u00e7\u00e3o de Neg\u00f3cios e Empresas, com solu\u00e7\u00f5es de impacto de curto e m\u00e9dio prazos, com resultados perenes e legados permanentes. [&hellip;]<\/p>\n","protected":false},"author":1,"featured_media":0,"parent":0,"menu_order":0,"comment_status":"closed","ping_status":"closed","template":"","meta":{"footnotes":""},"class_list":["post-14","page","type-page","status-publish","hentry"],"_links":{"self":[{"href":"https:\/\/channelassociados.com.br\/pt_br\/wp-json\/wp\/v2\/pages\/14","targetHints":{"allow":["GET"]}}],"collection":[{"href":"https:\/\/channelassociados.com.br\/pt_br\/wp-json\/wp\/v2\/pages"}],"about":[{"href":"https:\/\/channelassociados.com.br\/pt_br\/wp-json\/wp\/v2\/types\/page"}],"author":[{"embeddable":true,"href":"https:\/\/channelassociados.com.br\/pt_br\/wp-json\/wp\/v2\/users\/1"}],"replies":[{"embeddable":true,"href":"https:\/\/channelassociados.com.br\/pt_br\/wp-json\/wp\/v2\/comments?post=14"}],"version-history":[{"count":12,"href":"https:\/\/channelassociados.com.br\/pt_br\/wp-json\/wp\/v2\/pages\/14\/revisions"}],"predecessor-version":[{"id":410,"href":"https:\/\/channelassociados.com.br\/pt_br\/wp-json\/wp\/v2\/pages\/14\/revisions\/410"}],"wp:attachment":[{"href":"https:\/\/channelassociados.com.br\/pt_br\/wp-json\/wp\/v2\/media?parent=14"}],"curies":[{"name":"wp","href":"https:\/\/api.w.org\/{rel}","templated":true}]}}