{"id":73,"date":"2018-06-08T20:27:49","date_gmt":"2018-06-08T20:27:49","guid":{"rendered":"http:\/\/channelassociados.com.br\/?page_id=73"},"modified":"2018-06-18T23:04:08","modified_gmt":"2018-06-18T23:04:08","slug":"casos","status":"publish","type":"page","link":"https:\/\/channelassociados.com.br\/en\/casos\/","title":{"rendered":"Cases"},"content":{"rendered":"<h3><span style=\"color: #808080;\">Implementation of an International Company in Brazil with Design and Implementation of its Successful Growth Strategy<\/span><\/h3>\n<h5><span style=\"color: #808080;\"><b>Situation<\/b><\/span><\/h5>\n<p><span style=\"font-weight: 400; color: #808080;\">European entertainment company looking to establish itself in Brazil. Need to close the JV agreement with the Partner, acquire a key supplier for operations, form the team, recruit people, select service providers, all in a short time of 60 days.<\/span><\/p>\n<p>&nbsp;<\/p>\n<h5><span style=\"color: #808080;\"><b>Mission<\/b><\/span><\/h5>\n<p><span style=\"font-weight: 400; color: #808080;\">The new company would need to be built on a completely different basis from the existing underperforming unit, in order to interrupt the rapidly declining revenue stream from it and the market in general in Brazil.<\/span><\/p>\n<p><span style=\"color: #808080;\"><span style=\"font-weight: 400;\">Company implementation deadline: 42 days. We designed and proposed a plan with 3 phases: Implementation, Consolidation and <\/span><i><span style=\"font-weight: 400;\">Handover<\/span><\/i><span style=\"font-weight: 400;\">.<\/span><\/span><\/p>\n<p>&nbsp;<\/p>\n<h5><span style=\"color: #808080;\"><b>Results<\/b><\/span><\/h5>\n<p><span style=\"font-weight: 400; color: #808080;\">Project team formed based on an understanding of the Client&#039;s strategy for the local market, with a specialist in business and company start-ups, a professional CEO from the consumer goods industry, experienced in launching products and developing distribution channels, together with a Controller, a position in control and administrative management, fundamental for that stage of the company. <\/span><\/p>\n<p><span style=\"font-weight: 400; color: #808080;\">Proposal for strategy and new commercial plan. Proposal for organizational structure and hiring of the entire first and second teams.<\/span><\/p>\n<p><span style=\"font-weight: 400; color: #808080;\">The company&#039;s results exceeded budget, with the company&#039;s first revenue ahead of schedule, the reversal of the historic drop in business volume in its market, the opening of points of sale in a higher quantity than expected and the consolidation of relationships that will guarantee inorganic growth in 2017.<\/span><\/p>","protected":false},"excerpt":{"rendered":"<p>Implanta\u00e7\u00e3o no Brasil de Empresa Internacional com Desenho e Implementa\u00e7\u00e3o de sua Estrat\u00e9gia de Crescimento Bem-Sucedida Situa\u00e7\u00e3o Empresa europeia no setor de entretenimento desejando se implantar no Brasil. Necessidade de fechar o acordo da JV com o Parceiro, adquirir um fornecedor- chave para as opera\u00e7\u00f5es, formar o time, recrutar as pessoas, selecionar os provedores de [&hellip;]<\/p>\n","protected":false},"author":1,"featured_media":0,"parent":0,"menu_order":0,"comment_status":"closed","ping_status":"closed","template":"","meta":{"footnotes":""},"class_list":["post-73","page","type-page","status-publish","hentry"],"_links":{"self":[{"href":"https:\/\/channelassociados.com.br\/en\/wp-json\/wp\/v2\/pages\/73","targetHints":{"allow":["GET"]}}],"collection":[{"href":"https:\/\/channelassociados.com.br\/en\/wp-json\/wp\/v2\/pages"}],"about":[{"href":"https:\/\/channelassociados.com.br\/en\/wp-json\/wp\/v2\/types\/page"}],"author":[{"embeddable":true,"href":"https:\/\/channelassociados.com.br\/en\/wp-json\/wp\/v2\/users\/1"}],"replies":[{"embeddable":true,"href":"https:\/\/channelassociados.com.br\/en\/wp-json\/wp\/v2\/comments?post=73"}],"version-history":[{"count":7,"href":"https:\/\/channelassociados.com.br\/en\/wp-json\/wp\/v2\/pages\/73\/revisions"}],"predecessor-version":[{"id":217,"href":"https:\/\/channelassociados.com.br\/en\/wp-json\/wp\/v2\/pages\/73\/revisions\/217"}],"wp:attachment":[{"href":"https:\/\/channelassociados.com.br\/en\/wp-json\/wp\/v2\/media?parent=73"}],"curies":[{"name":"wp","href":"https:\/\/api.w.org\/{rel}","templated":true}]}}