{"id":70,"date":"2018-06-08T20:27:49","date_gmt":"2018-06-08T20:27:49","guid":{"rendered":"http:\/\/channelassociados.com.br\/?page_id=70"},"modified":"2024-10-09T16:15:21","modified_gmt":"2024-10-09T19:15:21","slug":"time-principal","status":"publish","type":"page","link":"https:\/\/channelassociados.com.br\/en\/time-principal\/","title":{"rendered":"Main Team"},"content":{"rendered":"<div data-elementor-type=\"wp-page\" data-elementor-id=\"70\" class=\"elementor elementor-70\">\n\t\t\t\t<div class=\"elementor-element elementor-element-4c922645 e-flex e-con-boxed e-con e-parent\" data-id=\"4c922645\" data-element_type=\"container\" data-e-type=\"container\">\n\t\t\t\t\t<div class=\"e-con-inner\">\n\t\t\t\t<div class=\"elementor-element elementor-element-15d67791 elementor-widget elementor-widget-text-editor\" data-id=\"15d67791\" data-element_type=\"widget\" data-e-type=\"widget\" data-widget_type=\"text-editor.default\">\n\t\t\t\t<div class=\"elementor-widget-container\">\n\t\t\t\t\t\t\t\t\t<p><span style=\"color: #808080;\"><span style=\"font-weight: 400;\">THE <\/span><b>CHANNEL ASSOCIATES <\/b><span style=\"font-weight: 400;\">has 10 years of experience in special projects and missions\u00a0<\/span><b>TRANSFORMATION<\/b><span style=\"font-weight: 400;\">. During this period, he relied on several partners and teams he trusted to conduct and manage those projects. <\/span><\/span><\/p>\n<p><span style=\"font-weight: 400; color: #808080;\">The central structure is led by <strong>MOISES ASSAYAG<\/strong>, experienced business manager and business structurer, having accumulated diverse experiences in those contexts. <\/span><\/p>\n<p><span style=\"font-weight: 400; color: #808080;\">Below, a brief summary of his background:<\/span><\/p>\n<p><span style=\"color: #808080;\"><span style=\"font-weight: 400;\">Since 2007, leading deep transformation projects in companies\u00a0<\/span><span style=\"font-weight: 400;\">and business, has been CEO\/Executive Director and Board Member at\u00a0<\/span><span style=\"font-weight: 400;\">several companies in Brazil and South America, in the Facilities Management, BPO, IT, Contact Center, Staffing, HR, Energy Efficiency, Construction and Distribution markets. Member of Strategic Business Committees in Brazil and abroad.<\/span><\/span><\/p>\n<p><span style=\"font-weight: 400; color: #808080;\">Extensive experience initially obtained in all areas of Corporate Finance (Treasury, Planning, Controls, Investor Relations), including Strategy (design and implementation), New Business Development, Agreements and Alliances (JV&#039;s, Strategic Alliances, M&amp;A) and in negotiations, in diverse multi-cultural environments, in Brazil, Europe, USA and Latin America.<\/span><\/p>\n<p><span style=\"font-weight: 400; color: #808080;\">Speaker at several sectoral and corporate events on transformation projects, over the years, in countries such as the USA, United Kingdom, Chile, Argentina, Mexico, Colombia, Spain, France and Dubai.<\/span><\/p>\n<p><span style=\"font-weight: 400; color: #808080;\">Responsible for structuring and managing companies in various markets, in phases of accelerated growth for consecutive years. He has carried out start-ups and restructurings in several companies or business units.<\/span><\/p>\n<p><span style=\"color: #808080;\"><span style=\"font-weight: 400;\">Bachelor&#039;s Degree in Economics (UFBa), Postgraduate Degree in Corporate Finance (PUC-RJ)\u00a0<\/span><span style=\"font-weight: 400;\">and MSc in International Accounting and Finance, from LSE \u2013 The London School of Economics and Political Science.<\/span><\/span><\/p>\n<p><span style=\"font-weight: 400; color: #808080;\">He speaks fluent English, Spanish and French, in addition to his native Portuguese.<\/span><\/p>\n<p><span style=\"font-weight: 400; color: #808080;\">Founding member of Associations such as ABRAFAC and IBRI.<br \/><br \/>IBRI - Brazilian Institute of Investor Relations (IBRI) is a non-profit entity, created in June 1997.<br \/><br \/>ABRAFAC - Brazilian Association of Property, Workplace and Facility Management is a non-profit entity, founded in 2004, which objective to develop the Facility Management market, organizations and\u00a0professionals<br \/><\/span><\/p>\n<!-- \/wp:paragraph -->\t\t\t\t\t\t\t\t<\/div>\n\t\t\t\t<\/div>\n\t\t\t\t\t<\/div>\n\t\t\t\t<\/div>\n\t\t\t\t<\/div>","protected":false},"excerpt":{"rendered":"<p>A CHANNEL ASSOCIADOS tem 10 anos de experi\u00eancia em projetos e miss\u00f5es especiais de\u00a0TRANSFORMA\u00c7\u00c3O. Neste per\u00edodo, contou com diversos parceiros e times de sua confian\u00e7a na condu\u00e7\u00e3o e gest\u00e3o daqueles projetos. A estrutura central \u00e9 liderada por MOISES ASSAYAG, experiente gestor de empresas e estruturador de neg\u00f3cios, tendo acumulado diversas experi\u00eancias naqueles contextos. Abaixo, um [&hellip;]<\/p>\n","protected":false},"author":1,"featured_media":0,"parent":0,"menu_order":0,"comment_status":"closed","ping_status":"closed","template":"","meta":{"footnotes":""},"class_list":["post-70","page","type-page","status-publish","hentry"],"_links":{"self":[{"href":"https:\/\/channelassociados.com.br\/en\/wp-json\/wp\/v2\/pages\/70","targetHints":{"allow":["GET"]}}],"collection":[{"href":"https:\/\/channelassociados.com.br\/en\/wp-json\/wp\/v2\/pages"}],"about":[{"href":"https:\/\/channelassociados.com.br\/en\/wp-json\/wp\/v2\/types\/page"}],"author":[{"embeddable":true,"href":"https:\/\/channelassociados.com.br\/en\/wp-json\/wp\/v2\/users\/1"}],"replies":[{"embeddable":true,"href":"https:\/\/channelassociados.com.br\/en\/wp-json\/wp\/v2\/comments?post=70"}],"version-history":[{"count":9,"href":"https:\/\/channelassociados.com.br\/en\/wp-json\/wp\/v2\/pages\/70\/revisions"}],"predecessor-version":[{"id":344,"href":"https:\/\/channelassociados.com.br\/en\/wp-json\/wp\/v2\/pages\/70\/revisions\/344"}],"wp:attachment":[{"href":"https:\/\/channelassociados.com.br\/en\/wp-json\/wp\/v2\/media?parent=70"}],"curies":[{"name":"wp","href":"https:\/\/api.w.org\/{rel}","templated":true}]}}