{"id":198,"date":"2018-06-18T14:24:27","date_gmt":"2018-06-18T14:24:27","guid":{"rendered":"http:\/\/channelassociados.com.br\/?page_id=198"},"modified":"2018-06-18T23:02:13","modified_gmt":"2018-06-18T23:02:13","slug":"momentos-da-vida-da-empresa-onde-devemos-ser-chamados","status":"publish","type":"page","link":"https:\/\/channelassociados.com.br\/en\/momentos-da-vida-da-empresa-onde-devemos-ser-chamados\/","title":{"rendered":"Moments in the Life of a Company When We Should Be Called"},"content":{"rendered":"<h3><span style=\"color: #808080;\"><b>Moments in the Life of a Company When We Should Be Called<\/b><\/span><\/h3>\n<p><strong><span style=\"color: #808080;\">Exploration of New Markets<\/span><\/strong><\/p>\n<ul>\n<li><span style=\"font-weight: 400; color: #808080;\">Geographic: Internationalization or Internal regional expansion<\/span><\/li>\n<li><span style=\"font-weight: 400; color: #808080;\">New product lines<\/span><\/li>\n<li><span style=\"font-weight: 400; color: #808080;\">Start-Up Implementation<\/span><\/li>\n<li><span style=\"font-weight: 400; color: #808080;\">Diversification<\/span><\/li>\n<\/ul>\n<p>&nbsp;<\/p>\n<p><strong><span style=\"color: #808080;\">Corporate Governance<\/span><\/strong><\/p>\n<ul>\n<li><span style=\"font-weight: 400; color: #808080;\">Strengthen the composition of the Administrative\/Advisory Boards and\/or Financial, Personnel and Audit Committees<\/span><\/li>\n<li><span style=\"font-weight: 400; color: #808080;\">Expand, review governance, best market practices, and improve specific functions, on a temporary basis.<\/span><\/li>\n<li><span style=\"font-weight: 400; color: #808080;\">Providing good practices through the temporary hiring of an Executive for a specific area.<\/span><\/li>\n<li><span style=\"font-weight: 400; color: #808080;\">Support in moments of Succession, Professionalization of Management, Redefinition of Roles.<\/span><\/li>\n<\/ul>\n<p>&nbsp;<\/p>\n<p><strong><span style=\"color: #808080;\">Implementation\/Review of Relevant Special Projects<\/span><\/strong><\/p>\n<ul>\n<li><span style=\"font-weight: 400; color: #808080;\">Implement Relevant Programs for the Organization, quickly and with experienced professionals, through 1- Temporary Directors or 2- Part-Time Directors, who will be responsible for implementing the concepts and practices in a concentrated manner in a shorter time. Examples: Compliance Program, Corporate Governance or Information Security (cybersecurity).<\/span><\/li>\n<li><span style=\"font-weight: 400; color: #808080;\">Implementation or Review of procedures, training, codes and communication of the most current Compliance practices<\/span><\/li>\n<li><span style=\"font-weight: 400; color: #808080;\">Conducting Audits (or Investigations)<\/span><\/li>\n<li><span style=\"font-weight: 400; color: #808080;\">Temporary removal of a suspicious Officer or whose removal is necessary for the audit\/investigation<\/span><\/li>\n<\/ul>\n<p>&nbsp;<\/p>\n<p><strong><span style=\"color: #808080;\">Operational and Financial Restructuring<\/span><\/strong><\/p>\n<ul>\n<li><span style=\"font-weight: 400; color: #808080;\">Support or preparation and presentation of the Operational and Financial Plan, which underpins negotiations with Creditors.<\/span><\/li>\n<li><span style=\"font-weight: 400; color: #808080;\">Support and Active Role in all Negotiations related to Financial Restructuring, with all parties involved in the process.<\/span><\/li>\n<li><span style=\"font-weight: 400; color: #808080;\">Support or direct development of Restructuring scenarios.<\/span><\/li>\n<li><span style=\"font-weight: 400; color: #808080;\">Support Post-Negotiation (reports\/presentation to creditors and\/or the role of watchdog\/independent observer).<\/span><\/li>\n<\/ul>\n<p>&nbsp;<\/p>\n<p><strong><span style=\"color: #808080;\">Moments of Rupture, Disruption or Crisis<\/span><\/strong><\/p>\n<ul>\n<li><span style=\"font-weight: 400; color: #808080;\">Provide temporary Board Members\/Board Committee Members for any specific, temporary needs of the Business or if the company wishes to increase certain functions in the short term.<\/span><\/li>\n<li><span style=\"font-weight: 400; color: #808080;\">Provide any specific and\/or momentary intensive use functions, such as Watchdogs, Internal Operational or Financial Auditor or Project Managers, Project Office Managers, Special Project Implementers (Compliance, Governance, Information Security-Cybersecurity).<\/span><\/li>\n<li><span style=\"font-weight: 400; color: #808080;\">Closing business units without using valuable internal resources for the Organization<\/span><\/li>\n<li><span style=\"font-weight: 400; color: #808080;\">Quickly replace Managers that the Organization is no longer interested in keeping, without wasting time and business traction.<\/span><\/li>\n<li><span style=\"font-weight: 400; color: #808080;\">Replace entire management teams quickly to avoid disruptions in Unit (vertical) or Function\/Department (transversal).<\/span><\/li>\n<li><span style=\"font-weight: 400; color: #808080;\">Serve as an independent third party, whether in management (Tertius) or in negotiations (in disputes involving potential losses for the company&#039;s Management, avoiding the costs and loss of control of going directly to Arbitration).<\/span><\/li>\n<\/ul>\n<p>&nbsp;<\/p>\n<p><strong><span style=\"color: #808080;\">Mergers and Acquisitions (M&amp;A) \/ IPO<\/span><\/strong><\/p>\n<ul>\n<li><span style=\"font-weight: 400; color: #808080;\">Carry out the Business Merger, while choosing the new permanent management, quickly unlocking the value of the purchase business plan (by using a specialist in the specific subject).<\/span><\/li>\n<li><span style=\"font-weight: 400; color: #808080;\">Operational and technical support on specific issues, via expert opinion<\/span><\/li>\n<li><span style=\"font-weight: 400; color: #808080;\">Keep the Company or Business Unit in operation (active or hibernating) until its sale or decision on continuity\/destination.<\/span><\/li>\n<li><span style=\"font-weight: 400; color: #808080;\">Support and lead the process of taking the company to an IPO or issuing a structured debt operation (long term, lower cost than the current one), from preparation to completion of the event(s).<\/span><\/li>\n<\/ul>\n<p>&nbsp;<\/p>\n<p><strong><span style=\"color: #808080;\">Turnaround<\/span><\/strong><\/p>\n<ul>\n<li><span style=\"font-weight: 400; color: #808080;\">Closing business units without using valuable internal resources for the Organization<\/span><\/li>\n<li><span style=\"font-weight: 400; color: #808080;\">Conduct Divestment (sale or shut-down) of Business Units<\/span><\/li>\n<li><span style=\"font-weight: 400; color: #808080;\">Replace Managers that the Organization is no longer interested in keeping, without wasting time and business traction<\/span><\/li>\n<li><span style=\"font-weight: 400; color: #808080;\">Replace entire management teams quickly to avoid disruptions in Unit (vertical) or Function\/Department (transversal).<\/span><\/li>\n<\/ul>","protected":false},"excerpt":{"rendered":"<p>Momentos da Vida da Empresa quando devemos ser chamados Explora\u00e7\u00e3o de Novos Mercados Geogr\u00e1fica: Internacionaliza\u00e7\u00e3o ou Expans\u00e3o regional interna Novas linhas de produto Implanta\u00e7\u00e3o de Start-Ups Diversifica\u00e7\u00e3o &nbsp; Governan\u00e7a Corporativa Refor\u00e7ar composi\u00e7\u00e3o de Conselhos Adm\/Consultivo e\/ou Comit\u00eas Financeiro, de Pessoas e de Auditoria Ampliar, revisar governan\u00e7a melhores pr\u00e1ticas do mercado melhoria de fun\u00e7\u00f5es espec\u00edficas, de [&hellip;]<\/p>\n","protected":false},"author":1,"featured_media":0,"parent":0,"menu_order":0,"comment_status":"closed","ping_status":"closed","template":"","meta":{"footnotes":""},"class_list":["post-198","page","type-page","status-publish","hentry"],"_links":{"self":[{"href":"https:\/\/channelassociados.com.br\/en\/wp-json\/wp\/v2\/pages\/198","targetHints":{"allow":["GET"]}}],"collection":[{"href":"https:\/\/channelassociados.com.br\/en\/wp-json\/wp\/v2\/pages"}],"about":[{"href":"https:\/\/channelassociados.com.br\/en\/wp-json\/wp\/v2\/types\/page"}],"author":[{"embeddable":true,"href":"https:\/\/channelassociados.com.br\/en\/wp-json\/wp\/v2\/users\/1"}],"replies":[{"embeddable":true,"href":"https:\/\/channelassociados.com.br\/en\/wp-json\/wp\/v2\/comments?post=198"}],"version-history":[{"count":5,"href":"https:\/\/channelassociados.com.br\/en\/wp-json\/wp\/v2\/pages\/198\/revisions"}],"predecessor-version":[{"id":216,"href":"https:\/\/channelassociados.com.br\/en\/wp-json\/wp\/v2\/pages\/198\/revisions\/216"}],"wp:attachment":[{"href":"https:\/\/channelassociados.com.br\/en\/wp-json\/wp\/v2\/media?parent=198"}],"curies":[{"name":"wp","href":"https:\/\/api.w.org\/{rel}","templated":true}]}}