{"id":194,"date":"2018-06-18T14:21:29","date_gmt":"2018-06-18T14:21:29","guid":{"rendered":"http:\/\/channelassociados.com.br\/?page_id=194"},"modified":"2025-12-18T12:39:47","modified_gmt":"2025-12-18T15:39:47","slug":"principais-tipos-de-missoes","status":"publish","type":"page","link":"https:\/\/channelassociados.com.br\/en\/principais-tipos-de-missoes\/","title":{"rendered":"Atua\u00e7\u00f5es Principais"},"content":{"rendered":"<h3><strong><span style=\"color: #808080;\">Atua\u00e7\u00f5es Principais<\/span><\/strong><\/h3>\n<ul>\n<li style=\"font-weight: 400;\"><span style=\"font-weight: 400; color: #808080;\">Business and Company Restructuring<br \/>\n<\/span><span style=\"font-weight: 400; color: #808080;\">\u2013 Strategic Repositioning\/Redesign<br \/>\n<\/span><span style=\"font-weight: 400; color: #808080;\">\u2013 Turnaround<br \/>\n<\/span><span style=\"font-weight: 400; color: #808080;\">\u2013 Organizational Restructuring<\/span><\/li>\n<li style=\"font-weight: 400;\"><span style=\"font-weight: 400; color: #808080;\">Cash Generation and Earnings Recovery Plan<\/span><\/li>\n<li style=\"font-weight: 400;\"><span style=\"font-weight: 400; color: #808080;\">Performance Improvement<\/span><\/li>\n<li style=\"font-weight: 400;\"><span style=\"font-weight: 400; color: #808080;\">Business Growth<\/span><\/li>\n<li style=\"font-weight: 400;\"><span style=\"font-weight: 400; color: #808080;\">Project Management \/ Project Office<\/span><\/li>\n<li style=\"font-weight: 400;\"><span style=\"font-weight: 400; color: #808080;\">Investment and Divestment of Operations<\/span><\/li>\n<\/ul>","protected":false},"excerpt":{"rendered":"<p>Atua\u00e7\u00f5es Principais Reestrutura\u00e7\u00e3o de Neg\u00f3cios e Empresas &#8211; Reposicionamento \/ Redesenho Estrat\u00e9gico &#8211; Turnaround &#8211; Restrutura\u00e7\u00e3o Organizacional Plano de Recupera\u00e7\u00e3o de Gera\u00e7\u00e3o de Caixa e de Resultados Melhoria de Desempenho Crescimento de Neg\u00f3cios Project Management \/ Escrit\u00f3rio de Projetos Investimento e Desinvestimento de Opera\u00e7\u00f5es<\/p>","protected":false},"author":1,"featured_media":0,"parent":0,"menu_order":0,"comment_status":"closed","ping_status":"closed","template":"","meta":{"footnotes":""},"class_list":["post-194","page","type-page","status-publish","hentry"],"_links":{"self":[{"href":"https:\/\/channelassociados.com.br\/en\/wp-json\/wp\/v2\/pages\/194","targetHints":{"allow":["GET"]}}],"collection":[{"href":"https:\/\/channelassociados.com.br\/en\/wp-json\/wp\/v2\/pages"}],"about":[{"href":"https:\/\/channelassociados.com.br\/en\/wp-json\/wp\/v2\/types\/page"}],"author":[{"embeddable":true,"href":"https:\/\/channelassociados.com.br\/en\/wp-json\/wp\/v2\/users\/1"}],"replies":[{"embeddable":true,"href":"https:\/\/channelassociados.com.br\/en\/wp-json\/wp\/v2\/comments?post=194"}],"version-history":[{"count":11,"href":"https:\/\/channelassociados.com.br\/en\/wp-json\/wp\/v2\/pages\/194\/revisions"}],"predecessor-version":[{"id":411,"href":"https:\/\/channelassociados.com.br\/en\/wp-json\/wp\/v2\/pages\/194\/revisions\/411"}],"wp:attachment":[{"href":"https:\/\/channelassociados.com.br\/en\/wp-json\/wp\/v2\/media?parent=194"}],"curies":[{"name":"wp","href":"https:\/\/api.w.org\/{rel}","templated":true}]}}