{"id":189,"date":"2018-06-18T14:16:57","date_gmt":"2018-06-18T14:16:57","guid":{"rendered":"http:\/\/channelassociados.com.br\/?page_id=189"},"modified":"2018-06-18T14:16:57","modified_gmt":"2018-06-18T14:16:57","slug":"vantagens","status":"publish","type":"page","link":"https:\/\/channelassociados.com.br\/en\/vantagens\/","title":{"rendered":"Advantages"},"content":{"rendered":"<h3><span style=\"font-weight: 400; color: #808080;\">ADVANTAGES<\/span><\/h3>\n<p><span style=\"color: #808080;\"><strong>Specific Credentials<\/strong><\/span><\/p>\n<p><span style=\"font-weight: 400; color: #808080;\">The Transition Manager allocated to the Project has an overqualified, very senior and specific profile for the Mission, having faced the situation pending resolution many times before, which increases the chances of his actions being accurate and his performance satisfactory in fulfilling the Mission and achieving the Project goals.<\/span><\/p>\n<p>&nbsp;<\/p>\n<p><span style=\"color: #808080;\"><strong>Neutrality<\/strong><\/span><\/p>\n<p><span style=\"font-weight: 400; color: #808080;\">Vis-\u00e0-vis the Mission situation and the decisions to be made versus their possible outcome, our Manager has no past or future connections in the company, no emotional ties to the decision to be made or the people involved, wich can blur his judgement in decision\u00a0making.<\/span><\/p>\n<p>&nbsp;<\/p>\n<p><span style=\"color: #808080;\"><strong>Temporariness<\/strong><\/span><\/p>\n<p><span style=\"font-weight: 400; color: #808080;\">The cost disappears along with the Project the moment the solution is implemented.<\/span><\/p>\n<p><span style=\"font-weight: 400; color: #808080;\">If a new set of challenges emerges later and it requires other capabilities, we can be called into action again, without permanently weighing on the company's\u00a0fixed\u00a0costs.<\/span><\/p>\n<p>&nbsp;<\/p>\n<p><span style=\"color: #808080;\"><strong>Support<\/strong><\/span><\/p>\n<p><span style=\"font-weight: 400; color: #808080;\">The Transition Manager will be permanently supported by a Channel Senior Partner, reinforcing the project and also freeing up time for the Client team.<\/span><\/p>","protected":false},"excerpt":{"rendered":"<p>VANTAGENS Credenciais Espec\u00edficas O Gestor de Transi\u00e7\u00e3o alocado ao Projeto \u00a0tem um perfil sobre-qualificado, bastante s\u00eanior e espec\u00edfico para a Miss\u00e3o, tendo encarado a situa\u00e7\u00e3o pendente de resolu\u00e7\u00e3o muitas vezes anteriormente, o que aumenta as chances de suas a\u00e7\u00f5es serem precisas e seu desempenho satisfat\u00f3rio no cumprimento da Miss\u00e3o e alcance das metas do Projeto. [&hellip;]<\/p>\n","protected":false},"author":1,"featured_media":0,"parent":0,"menu_order":0,"comment_status":"closed","ping_status":"closed","template":"","meta":{"footnotes":""},"class_list":["post-189","page","type-page","status-publish","hentry"],"_links":{"self":[{"href":"https:\/\/channelassociados.com.br\/en\/wp-json\/wp\/v2\/pages\/189","targetHints":{"allow":["GET"]}}],"collection":[{"href":"https:\/\/channelassociados.com.br\/en\/wp-json\/wp\/v2\/pages"}],"about":[{"href":"https:\/\/channelassociados.com.br\/en\/wp-json\/wp\/v2\/types\/page"}],"author":[{"embeddable":true,"href":"https:\/\/channelassociados.com.br\/en\/wp-json\/wp\/v2\/users\/1"}],"replies":[{"embeddable":true,"href":"https:\/\/channelassociados.com.br\/en\/wp-json\/wp\/v2\/comments?post=189"}],"version-history":[{"count":1,"href":"https:\/\/channelassociados.com.br\/en\/wp-json\/wp\/v2\/pages\/189\/revisions"}],"predecessor-version":[{"id":191,"href":"https:\/\/channelassociados.com.br\/en\/wp-json\/wp\/v2\/pages\/189\/revisions\/191"}],"wp:attachment":[{"href":"https:\/\/channelassociados.com.br\/en\/wp-json\/wp\/v2\/media?parent=189"}],"curies":[{"name":"wp","href":"https:\/\/api.w.org\/{rel}","templated":true}]}}