{"id":16,"date":"2018-05-24T15:17:02","date_gmt":"2018-05-24T15:17:02","guid":{"rendered":"http:\/\/channelassociados.com.br\/?page_id=16"},"modified":"2018-06-18T14:25:39","modified_gmt":"2018-06-18T14:25:39","slug":"o-que-fazemos","status":"publish","type":"page","link":"https:\/\/channelassociados.com.br\/en\/o-que-fazemos\/","title":{"rendered":"What do we do?"},"content":{"rendered":"<h3 style=\"text-align: center;\"><span style=\"color: #808080;\"><b>Profound changes, fast results, permanent effects<\/b><\/span><\/h3>\n<p><span style=\"color: #808080;\"><span style=\"font-weight: 400;\">THE<\/span> <span style=\"font-weight: 400;\">based on an approach that brings together the main variables of a company.<\/span><\/span><\/p>\n<p><span style=\"color: #808080;\">Our focus is on restructuring Businesses and Companies, with short and medium-term impact solutions, with lasting results and permanent legacies.<\/span><\/p>\n<ul>\n<li><span style=\"color: #808080;\">Main Types of Missions<\/span><\/li>\n<li><span style=\"color: #808080;\">Moments in the Life of the Company Where We Should Be Called<\/span><\/li>\n<\/ul>","protected":false},"excerpt":{"rendered":"<p>Mudan\u00e7as profundas, resultados r\u00e1pidos, efeitos permanentes A partir de um approach que congrega as principais vari\u00e1veis de uma empresa. Nosso foco \u00e9 a reestrutura\u00e7\u00e3o de Neg\u00f3cios e Empresas, com solu\u00e7\u00f5es de impacto de curto e m\u00e9dio prazos, com resultados perenes e legados permanentes. Principais Tipos de Miss\u00f5es Momentos da Vida da Empresa onde devemos ser [&hellip;]<\/p>\n","protected":false},"author":1,"featured_media":0,"parent":0,"menu_order":0,"comment_status":"closed","ping_status":"closed","template":"","meta":{"footnotes":""},"class_list":["post-16","page","type-page","status-publish","hentry"],"_links":{"self":[{"href":"https:\/\/channelassociados.com.br\/en\/wp-json\/wp\/v2\/pages\/16","targetHints":{"allow":["GET"]}}],"collection":[{"href":"https:\/\/channelassociados.com.br\/en\/wp-json\/wp\/v2\/pages"}],"about":[{"href":"https:\/\/channelassociados.com.br\/en\/wp-json\/wp\/v2\/types\/page"}],"author":[{"embeddable":true,"href":"https:\/\/channelassociados.com.br\/en\/wp-json\/wp\/v2\/users\/1"}],"replies":[{"embeddable":true,"href":"https:\/\/channelassociados.com.br\/en\/wp-json\/wp\/v2\/comments?post=16"}],"version-history":[{"count":24,"href":"https:\/\/channelassociados.com.br\/en\/wp-json\/wp\/v2\/pages\/16\/revisions"}],"predecessor-version":[{"id":203,"href":"https:\/\/channelassociados.com.br\/en\/wp-json\/wp\/v2\/pages\/16\/revisions\/203"}],"wp:attachment":[{"href":"https:\/\/channelassociados.com.br\/en\/wp-json\/wp\/v2\/media?parent=16"}],"curies":[{"name":"wp","href":"https:\/\/api.w.org\/{rel}","templated":true}]}}