{"id":14,"date":"2018-05-24T15:17:02","date_gmt":"2018-05-24T15:17:02","guid":{"rendered":"http:\/\/channelassociados.com.br\/?page_id=14"},"modified":"2025-12-18T10:58:46","modified_gmt":"2025-12-18T13:58:46","slug":"quem-somos","status":"publish","type":"page","link":"https:\/\/channelassociados.com.br\/en\/quem-somos\/","title":{"rendered":"Channel Associados"},"content":{"rendered":"<h3><span style=\"color: #808080;\">Quem somos<\/span><\/h3>\n<p><span style=\"color: #808080;\">Experts who make it happen <strong>TRANSFORMATION<\/strong> of companies, functions and business units through the <strong>MANAGEMENT<\/strong>.<\/span><\/p>\n<p><span style=\"color: #808080;\">We execute <strong>TRANSFORMATIONS<\/strong> Business, with quality, precision and the highest possible result generation.<\/span><\/p>\n<h5><strong><span style=\"color: #808080;\">Our focus is on restructuring Businesses and Companies, with short and medium-term impact solutions, with lasting results and permanent legacies.<\/span><\/strong><\/h5>\n<p><span style=\"color: #808080;\">We are absolute believers in the transformative power of \u200b<strong>MANAGEMENT<\/strong>.<\/span><\/p>\n<p>&nbsp;<\/p>\n<ul>\n<li><strong><span style=\"color: #808080;\">Keywords:<\/span><\/strong>\n<ul>\n<li><span style=\"color: #808080;\">Change Management<\/span><\/li>\n<li><span style=\"color: #808080;\">Operational Reorganization<\/span><\/li>\n<li><span style=\"color: #808080;\">Restructuring\/Turnaround<\/span><\/li>\n<li><span style=\"color: #808080;\">Cultural Alignment, Results-Driven Culture and High Performance<\/span><\/li>\n<li><span style=\"color: #808080;\">Fast but Lasting Results, Permanent Legacies<\/span><\/li>\n<li><span style=\"color: #808080;\">Digital Transformation<\/span><\/li>\n<li><span style=\"color: #808080;\">Crisis management<\/span><\/li>\n<li><span style=\"color: #808080;\">Capital Structure and Debt Renegotiation<\/span><\/li>\n<li><span style=\"color: #808080;\">Negotiation in business and corporate conflicts<\/span><\/li>\n<li><span style=\"color: #808080;\">Business Plans<\/span><\/li>\n<\/ul>\n<\/li>\n<\/ul>","protected":false},"excerpt":{"rendered":"<p>Quem somos Especialistas que fazem acontecer a TRANSFORMA\u00c7\u00c3O de companhias, fun\u00e7\u00f5es e unidades de neg\u00f3cio atrav\u00e9s da GEST\u00c3O. Executamos TRANSFORMA\u00c7\u00d5ES de Neg\u00f3cios, com qualidade, precis\u00e3o e maior gera\u00e7\u00e3o de resultado poss\u00edvel. Nosso foco \u00e9 a reestrutura\u00e7\u00e3o de Neg\u00f3cios e Empresas, com solu\u00e7\u00f5es de impacto de curto e m\u00e9dio prazos, com resultados perenes e legados permanentes. [&hellip;]<\/p>\n","protected":false},"author":1,"featured_media":0,"parent":0,"menu_order":0,"comment_status":"closed","ping_status":"closed","template":"","meta":{"footnotes":""},"class_list":["post-14","page","type-page","status-publish","hentry"],"_links":{"self":[{"href":"https:\/\/channelassociados.com.br\/en\/wp-json\/wp\/v2\/pages\/14","targetHints":{"allow":["GET"]}}],"collection":[{"href":"https:\/\/channelassociados.com.br\/en\/wp-json\/wp\/v2\/pages"}],"about":[{"href":"https:\/\/channelassociados.com.br\/en\/wp-json\/wp\/v2\/types\/page"}],"author":[{"embeddable":true,"href":"https:\/\/channelassociados.com.br\/en\/wp-json\/wp\/v2\/users\/1"}],"replies":[{"embeddable":true,"href":"https:\/\/channelassociados.com.br\/en\/wp-json\/wp\/v2\/comments?post=14"}],"version-history":[{"count":12,"href":"https:\/\/channelassociados.com.br\/en\/wp-json\/wp\/v2\/pages\/14\/revisions"}],"predecessor-version":[{"id":410,"href":"https:\/\/channelassociados.com.br\/en\/wp-json\/wp\/v2\/pages\/14\/revisions\/410"}],"wp:attachment":[{"href":"https:\/\/channelassociados.com.br\/en\/wp-json\/wp\/v2\/media?parent=14"}],"curies":[{"name":"wp","href":"https:\/\/api.w.org\/{rel}","templated":true}]}}